{"id":44,"date":"2018-08-20T15:45:33","date_gmt":"2018-08-20T15:45:33","guid":{"rendered":"http:\/\/chamaeleon-vienna.at\/?page_id=44"},"modified":"2024-09-25T16:24:46","modified_gmt":"2024-09-25T16:24:46","slug":"imprint","status":"publish","type":"page","link":"http:\/\/chamaeleon-vienna.at\/en\/imprint\/","title":{"rendered":"Imprint"},"content":{"rendered":"<p>Informationen nach dem e-commerce-Gesetz<\/p>\n<p><strong>Firmenname:<\/strong> Cham\u00e4leon Restaurant &amp; Bar<br \/>\n<strong>Gesch\u00e4ftsleitung:<\/strong> Eva Rauch<br \/>\n<strong>Adresse:<\/strong> 1010 Wien, Blutgasse 3<br \/>\n<strong>Kontakt:<br \/>\n<\/strong>offive@chamaeleon-vienna.at<br \/>\nchamaeleon-wien@gmx.at<br \/>\n+43 676 43 29 807<br \/>\nwww.chamaeleon-vienna.at<br \/>\n<strong>UID Nummer:<\/strong> ATU81100407<br \/>\n<strong>Firmenbuchnummer:<\/strong> 03022\/7078<br \/>\n<strong>Firmenbuchgericht:<\/strong> Handelsgericht Wien<br \/>\n<strong>Berufsgruppe:<\/strong> Schank-und Gastgewerbe<\/p>\n<p>Trotz h\u00f6chster Sorgfalt bei der Auswahl und Darbietung kann f\u00fcr dennoch<br \/>\nenthaltene Fehler keine wie immer geartete Haftung \u00fcbernommen werden.Informationen nach dem e-commerce-Gesetz<\/p>\n<p><strong>Firmenname:<\/strong> Cham\u00e4leon Restaurant &amp; Bar<br \/>\n<strong>Gesch\u00e4ftsleitung:<\/strong> Hans Schmid<br \/>\n<strong>Adresse:<\/strong> 1010 Wien, Blutgasse 3<br \/>\n<strong>Kontakt:<br \/>\n<\/strong>offive@chamaeleon-vienna.at<br \/>\nchamaeleon-wien@gmx.at<br \/>\n+43 676 43 29 807<br \/>\nwww.chamaeleon-vienna.at<br \/>\n<strong>UID Nummer:<\/strong> ATU81100407<br \/>\n<strong>Firmenbuchnummer:<\/strong> 03022\/7078<br \/>\n<strong>Firmenbuchgericht:<\/strong> Handelsgericht Wien<br \/>\n<strong>Berufsgruppe:<\/strong> Schank-und Gastgewerbe<\/p>\n<p>Trotz h\u00f6chster Sorgfalt bei der Auswahl und Darbietung kann f\u00fcr dennoch<br \/>\nenthaltene Fehler keine wie immer geartete Haftung \u00fcbernommen werden.Informationen nach dem e-commerce-Gesetz<\/p>\n<p><strong>Firmenname:<\/strong> Cham\u00e4leon Restaurant &amp; Bar<br \/>\n<strong>Gesch\u00e4ftsleitung:<\/strong> Eva Rauch<br \/>\n<strong>Adresse:<\/strong> 1010 Wien, Blutgasse 3<br \/>\n<strong>Kontakt:<br \/>\n<\/strong>offive@chamaeleon-vienna.at<br \/>\nchamaeleon-wien@gmx.at<br \/>\n+43 676 43 29 807<br \/>\nwww.chamaeleon-vienna.at<br \/>\n<strong>UID Nummer:<\/strong> ATUXXXXXXXX<br \/>\n<strong>Firmenbuchnummer:<\/strong> 000000000000<br \/>\n<strong>Firmenbuchgericht:<\/strong> Handelsgericht Wien<br \/>\n<strong>Berufsgruppe:<\/strong> Schank-und Gastgewerbe<\/p>\n<p>Trotz h\u00f6chster Sorgfalt bei der Auswahl und Darbietung kann f\u00fcr dennoch<br \/>\nenthaltene Fehler keine wie immer geartete Haftung \u00fcbernommen werden.Informationen nach dem e-commerce-Gesetz<\/p>\n<p><strong>Firmenname:<\/strong> Cham\u00e4leon Restaurant &amp; Bar<br \/>\n<strong>Gesch\u00e4ftsleitung:<\/strong> Hans Schmid<br \/>\n<strong>Adresse:<\/strong> 1010 Wien, Blutgasse 3<br \/>\n<strong>Kontakt:<br \/>\n<\/strong>info@chamaeleon-vienna.at<br \/>\n(schmid.hans@gmx.at)<br \/>\n+43 676 43 29 807<br \/>\nwww.chamaeleon-vienna.at<br \/>\n<strong>UID Nummer:<\/strong> ATU63164079<br \/>\n<strong>Firmenbuchnummer:<\/strong> 000000000000<br \/>\n<strong>Firmenbuchgericht:<\/strong> Handelsgericht Wien<br \/>\n<strong>Berufsgruppe:<\/strong> Schank-und Gastgewerbe<\/p>\n<p>Trotz h\u00f6chster Sorgfalt bei der Auswahl und Darbietung kann f\u00fcr dennoch<br \/>\nenthaltene Fehler keine wie immer geartete Haftung \u00fcbernommen werden.<\/p>","protected":false},"excerpt":{"rendered":"<p>Informationen nach dem e-commerce-Gesetz Firmenname: Cham\u00e4leon Restaurant &amp; Bar Gesch\u00e4ftsleitung: Eva Rauch Adresse: 1010 Wien, Blutgasse 3 Kontakt: offive@chamaeleon-vienna.at chamaeleon-wien@gmx.at +43 676 43 29 807 www.chamaeleon-vienna.at UID Nummer: ATU81100407 Firmenbuchnummer: 03022\/7078 Firmenbuchgericht: Handelsgericht Wien Berufsgruppe: Schank-und Gastgewerbe Trotz h\u00f6chster Sorgfalt bei der Auswahl und Darbietung kann f\u00fcr dennoch enthaltene Fehler keine wie immer geartete Haftung [&hellip;]<\/p>\n","protected":false},"author":1,"featured_media":0,"parent":0,"menu_order":0,"comment_status":"closed","ping_status":"closed","template":"","meta":[],"yoast_head":"<!-- This site is optimized with the Yoast SEO plugin v18.7 - https:\/\/yoast.com\/wordpress\/plugins\/seo\/ -->\n<title>Imprint - Cham\u00e4leon<\/title>\n<meta name=\"robots\" content=\"index, follow, max-snippet:-1, max-image-preview:large, max-video-preview:-1\" \/>\n<link rel=\"canonical\" href=\"http:\/\/chamaeleon-vienna.at\/en\/imprint\/\" \/>\n<meta property=\"og:locale\" content=\"en_US\" \/>\n<meta property=\"og:type\" content=\"article\" \/>\n<meta property=\"og:title\" content=\"[:de]Impressum[:en]Imprint[:it]Imprint[:nl]Imprint[:fi]Imprint[:tr]Imprint[:] - Cham\u00e4leon\" \/>\n<meta property=\"og:description\" content=\"Informationen nach dem e-commerce-Gesetz Firmenname: Cham\u00e4leon Restaurant &amp; Bar Gesch\u00e4ftsleitung: Eva Rauch Adresse: 1010 Wien, Blutgasse 3 Kontakt: offive@chamaeleon-vienna.at chamaeleon-wien@gmx.at +43 676 43 29 807 www.chamaeleon-vienna.at UID Nummer: ATU81100407 Firmenbuchnummer: 03022\/7078 Firmenbuchgericht: Handelsgericht Wien Berufsgruppe: Schank-und Gastgewerbe Trotz h\u00f6chster Sorgfalt bei der Auswahl und Darbietung kann f\u00fcr dennoch enthaltene Fehler keine wie immer geartete Haftung [&hellip;]\" \/>\n<meta property=\"og:url\" content=\"http:\/\/chamaeleon-vienna.at\/en\/imprint\/\" \/>\n<meta property=\"og:site_name\" content=\"Cham\u00e4leon\" \/>\n<meta property=\"article:modified_time\" content=\"2024-09-25T16:24:46+00:00\" \/>\n<meta name=\"twitter:card\" content=\"summary_large_image\" \/>\n<meta name=\"twitter:label1\" content=\"Est. reading time\" \/>\n\t<meta name=\"twitter:data1\" content=\"1 minute\" \/>\n<script type=\"application\/ld+json\" class=\"yoast-schema-graph\">{\"@context\":\"https:\/\/schema.org\",\"@graph\":[{\"@type\":\"WebSite\",\"@id\":\"http:\/\/chamaeleon-vienna.at\/#website\",\"url\":\"http:\/\/chamaeleon-vienna.at\/\",\"name\":\"Cham\u00e4leon\",\"description\":\"Book online with Quandoo\",\"potentialAction\":[{\"@type\":\"SearchAction\",\"target\":{\"@type\":\"EntryPoint\",\"urlTemplate\":\"http:\/\/chamaeleon-vienna.at\/?s={search_term_string}\"},\"query-input\":\"required name=search_term_string\"}],\"inLanguage\":\"en-US\"},{\"@type\":\"WebPage\",\"@id\":\"http:\/\/chamaeleon-vienna.at\/en\/imprint\/#webpage\",\"url\":\"http:\/\/chamaeleon-vienna.at\/en\/imprint\/\",\"name\":\"[:de]Impressum[:en]Imprint[:it]Imprint[:nl]Imprint[:fi]Imprint[:tr]Imprint[:] - Cham\u00e4leon\",\"isPartOf\":{\"@id\":\"http:\/\/chamaeleon-vienna.at\/#website\"},\"datePublished\":\"2018-08-20T15:45:33+00:00\",\"dateModified\":\"2024-09-25T16:24:46+00:00\",\"breadcrumb\":{\"@id\":\"http:\/\/chamaeleon-vienna.at\/en\/imprint\/#breadcrumb\"},\"inLanguage\":\"en-US\",\"potentialAction\":[{\"@type\":\"ReadAction\",\"target\":[\"http:\/\/chamaeleon-vienna.at\/en\/imprint\/\"]}]},{\"@type\":\"BreadcrumbList\",\"@id\":\"http:\/\/chamaeleon-vienna.at\/en\/imprint\/#breadcrumb\",\"itemListElement\":[{\"@type\":\"ListItem\",\"position\":1,\"name\":\"Home\",\"item\":\"http:\/\/chamaeleon-vienna.at\/\"},{\"@type\":\"ListItem\",\"position\":2,\"name\":\"Imprint\"}]}]}<\/script>\n<!-- \/ Yoast SEO plugin. -->","yoast_head_json":{"title":"[:de]Impressum[:en]Imprint[:it]Imprint[:nl]Imprint[:fi]Imprint[:tr]Imprint[:] - Cham\u00e4leon","robots":{"index":"index","follow":"follow","max-snippet":"max-snippet:-1","max-image-preview":"max-image-preview:large","max-video-preview":"max-video-preview:-1"},"canonical":"http:\/\/chamaeleon-vienna.at\/en\/imprint\/","og_locale":"en_US","og_type":"article","og_title":"[:de]Impressum[:en]Imprint[:it]Imprint[:nl]Imprint[:fi]Imprint[:tr]Imprint[:] - Cham\u00e4leon","og_description":"Informationen nach dem e-commerce-Gesetz Firmenname: Cham\u00e4leon Restaurant &amp; Bar Gesch\u00e4ftsleitung: Eva Rauch Adresse: 1010 Wien, Blutgasse 3 Kontakt: offive@chamaeleon-vienna.at chamaeleon-wien@gmx.at +43 676 43 29 807 www.chamaeleon-vienna.at UID Nummer: ATU81100407 Firmenbuchnummer: 03022\/7078 Firmenbuchgericht: Handelsgericht Wien Berufsgruppe: Schank-und Gastgewerbe Trotz h\u00f6chster Sorgfalt bei der Auswahl und Darbietung kann f\u00fcr dennoch enthaltene Fehler keine wie immer geartete Haftung [&hellip;]","og_url":"http:\/\/chamaeleon-vienna.at\/en\/imprint\/","og_site_name":"Cham\u00e4leon","article_modified_time":"2024-09-25T16:24:46+00:00","twitter_card":"summary_large_image","twitter_misc":{"Est. reading time":"1 minute"},"schema":{"@context":"https:\/\/schema.org","@graph":[{"@type":"WebSite","@id":"http:\/\/chamaeleon-vienna.at\/#website","url":"http:\/\/chamaeleon-vienna.at\/","name":"Cham\u00e4leon","description":"Book online with Quandoo","potentialAction":[{"@type":"SearchAction","target":{"@type":"EntryPoint","urlTemplate":"http:\/\/chamaeleon-vienna.at\/?s={search_term_string}"},"query-input":"required name=search_term_string"}],"inLanguage":"en-US"},{"@type":"WebPage","@id":"http:\/\/chamaeleon-vienna.at\/en\/imprint\/#webpage","url":"http:\/\/chamaeleon-vienna.at\/en\/imprint\/","name":"[:de]Impressum[:en]Imprint[:it]Imprint[:nl]Imprint[:fi]Imprint[:tr]Imprint[:] - Cham\u00e4leon","isPartOf":{"@id":"http:\/\/chamaeleon-vienna.at\/#website"},"datePublished":"2018-08-20T15:45:33+00:00","dateModified":"2024-09-25T16:24:46+00:00","breadcrumb":{"@id":"http:\/\/chamaeleon-vienna.at\/en\/imprint\/#breadcrumb"},"inLanguage":"en-US","potentialAction":[{"@type":"ReadAction","target":["http:\/\/chamaeleon-vienna.at\/en\/imprint\/"]}]},{"@type":"BreadcrumbList","@id":"http:\/\/chamaeleon-vienna.at\/en\/imprint\/#breadcrumb","itemListElement":[{"@type":"ListItem","position":1,"name":"Home","item":"http:\/\/chamaeleon-vienna.at\/"},{"@type":"ListItem","position":2,"name":"Imprint"}]}]}},"_links":{"self":[{"href":"http:\/\/chamaeleon-vienna.at\/en\/wp-json\/wp\/v2\/pages\/44"}],"collection":[{"href":"http:\/\/chamaeleon-vienna.at\/en\/wp-json\/wp\/v2\/pages"}],"about":[{"href":"http:\/\/chamaeleon-vienna.at\/en\/wp-json\/wp\/v2\/types\/page"}],"author":[{"embeddable":true,"href":"http:\/\/chamaeleon-vienna.at\/en\/wp-json\/wp\/v2\/users\/1"}],"replies":[{"embeddable":true,"href":"http:\/\/chamaeleon-vienna.at\/en\/wp-json\/wp\/v2\/comments?post=44"}],"version-history":[{"count":7,"href":"http:\/\/chamaeleon-vienna.at\/en\/wp-json\/wp\/v2\/pages\/44\/revisions"}],"predecessor-version":[{"id":916,"href":"http:\/\/chamaeleon-vienna.at\/en\/wp-json\/wp\/v2\/pages\/44\/revisions\/916"}],"wp:attachment":[{"href":"http:\/\/chamaeleon-vienna.at\/en\/wp-json\/wp\/v2\/media?parent=44"}],"curies":[{"name":"wp","href":"https:\/\/api.w.org\/{rel}","templated":true}]}}